{"id":2023,"date":"2021-08-30T09:31:40","date_gmt":"2021-08-30T09:31:40","guid":{"rendered":"https:\/\/www.redefinemeat.com\/?page_id=2023"},"modified":"2021-08-30T09:31:40","modified_gmt":"2021-08-30T09:31:40","slug":"cookies-list","status":"publish","type":"page","link":"https:\/\/redefinemeat.madebyomnis.com\/fr\/cookies-list\/","title":{"rendered":"Liste des cookies"},"content":{"rendered":"<p><!-- OneTrust Cookies List start --><\/p>\n<div id=\"ot-sdk-cookie-policy\"><\/div>\n","protected":false},"excerpt":{"rendered":"","protected":false},"author":1,"featured_media":0,"parent":0,"menu_order":0,"comment_status":"closed","ping_status":"closed","template":"","meta":{"_acf_changed":false,"inline_featured_image":false,"footnotes":""},"class_list":["post-2023","page","type-page","status-publish","hentry"],"acf":[],"yoast_head":"<!-- This site is optimized with the Yoast SEO plugin v24.5 - https:\/\/yoast.com\/wordpress\/plugins\/seo\/ -->\n<title>Liste des cookies | Redefine Meat<\/title>\n<meta name=\"description\" content=\"D\u00e9couvre notre politique sur les cookies chez Redefine Meat. On t&#039;explique comment on les utilise pour am\u00e9liorer ton exp\u00e9rience sur notre site.\" \/>\n<meta name=\"robots\" content=\"noindex, follow, max-snippet:-1, max-image-preview:large, max-video-preview:-1\" \/>\n<meta property=\"og:locale\" content=\"fr_FR\" \/>\n<meta property=\"og:type\" content=\"article\" \/>\n<meta property=\"og:title\" content=\"Liste des cookies | Redefine Meat\" \/>\n<meta property=\"og:description\" content=\"D\u00e9couvre notre politique sur les cookies chez Redefine Meat. On t&#039;explique comment on les utilise pour am\u00e9liorer ton exp\u00e9rience sur notre site.\" \/>\n<meta property=\"og:url\" content=\"https:\/\/redefinemeat.madebyomnis.com\/fr\/cookies-list\/\" \/>\n<meta property=\"og:site_name\" content=\"Redefine Meat\" \/>\n<meta name=\"twitter:card\" content=\"summary_large_image\" \/>\n<script type=\"application\/ld+json\" class=\"yoast-schema-graph\">{\"@context\":\"https:\/\/schema.org\",\"@graph\":[{\"@type\":\"WebPage\",\"@id\":\"https:\/\/redefinemeat.madebyomnis.com\/fr\/cookies-list\/\",\"url\":\"https:\/\/redefinemeat.madebyomnis.com\/fr\/cookies-list\/\",\"name\":\"Liste des cookies | Redefine Meat\",\"isPartOf\":{\"@id\":\"https:\/\/redefinemeat.madebyomnis.com\/fr\/#website\"},\"datePublished\":\"2021-08-30T09:31:40+00:00\",\"description\":\"D\u00e9couvre notre politique sur les cookies chez Redefine Meat. On t'explique comment on les utilise pour am\u00e9liorer ton exp\u00e9rience sur notre site.\",\"breadcrumb\":{\"@id\":\"https:\/\/redefinemeat.madebyomnis.com\/fr\/cookies-list\/#breadcrumb\"},\"inLanguage\":\"fr-FR\",\"potentialAction\":[{\"@type\":\"ReadAction\",\"target\":[\"https:\/\/redefinemeat.madebyomnis.com\/fr\/cookies-list\/\"]}]},{\"@type\":\"BreadcrumbList\",\"@id\":\"https:\/\/redefinemeat.madebyomnis.com\/fr\/cookies-list\/#breadcrumb\",\"itemListElement\":[{\"@type\":\"ListItem\",\"position\":1,\"name\":\"Home\",\"item\":\"https:\/\/redefinemeat.madebyomnis.com\/fr\/\"},{\"@type\":\"ListItem\",\"position\":2,\"name\":\"Liste des cookies\"}]},{\"@type\":\"WebSite\",\"@id\":\"https:\/\/redefinemeat.madebyomnis.com\/fr\/#website\",\"url\":\"https:\/\/redefinemeat.madebyomnis.com\/fr\/\",\"name\":\"Redefine Meat\",\"description\":\"GREAT MEAT WITHOUT COMPROMISE\",\"potentialAction\":[{\"@type\":\"SearchAction\",\"target\":{\"@type\":\"EntryPoint\",\"urlTemplate\":\"https:\/\/redefinemeat.madebyomnis.com\/fr\/?s={search_term_string}\"},\"query-input\":{\"@type\":\"PropertyValueSpecification\",\"valueRequired\":true,\"valueName\":\"search_term_string\"}}],\"inLanguage\":\"fr-FR\"}]}<\/script>\n<!-- \/ Yoast SEO plugin. -->","yoast_head_json":{"title":"Liste des cookies | Redefine Meat","description":"D\u00e9couvre notre politique sur les cookies chez Redefine Meat. On t'explique comment on les utilise pour am\u00e9liorer ton exp\u00e9rience sur notre site.","robots":{"index":"noindex","follow":"follow","max-snippet":"max-snippet:-1","max-image-preview":"max-image-preview:large","max-video-preview":"max-video-preview:-1"},"og_locale":"fr_FR","og_type":"article","og_title":"Liste des cookies | Redefine Meat","og_description":"D\u00e9couvre notre politique sur les cookies chez Redefine Meat. On t'explique comment on les utilise pour am\u00e9liorer ton exp\u00e9rience sur notre site.","og_url":"https:\/\/redefinemeat.madebyomnis.com\/fr\/cookies-list\/","og_site_name":"Redefine Meat","twitter_card":"summary_large_image","schema":{"@context":"https:\/\/schema.org","@graph":[{"@type":"WebPage","@id":"https:\/\/redefinemeat.madebyomnis.com\/fr\/cookies-list\/","url":"https:\/\/redefinemeat.madebyomnis.com\/fr\/cookies-list\/","name":"Liste des cookies | Redefine Meat","isPartOf":{"@id":"https:\/\/redefinemeat.madebyomnis.com\/fr\/#website"},"datePublished":"2021-08-30T09:31:40+00:00","description":"D\u00e9couvre notre politique sur les cookies chez Redefine Meat. On t'explique comment on les utilise pour am\u00e9liorer ton exp\u00e9rience sur notre site.","breadcrumb":{"@id":"https:\/\/redefinemeat.madebyomnis.com\/fr\/cookies-list\/#breadcrumb"},"inLanguage":"fr-FR","potentialAction":[{"@type":"ReadAction","target":["https:\/\/redefinemeat.madebyomnis.com\/fr\/cookies-list\/"]}]},{"@type":"BreadcrumbList","@id":"https:\/\/redefinemeat.madebyomnis.com\/fr\/cookies-list\/#breadcrumb","itemListElement":[{"@type":"ListItem","position":1,"name":"Home","item":"https:\/\/redefinemeat.madebyomnis.com\/fr\/"},{"@type":"ListItem","position":2,"name":"Liste des cookies"}]},{"@type":"WebSite","@id":"https:\/\/redefinemeat.madebyomnis.com\/fr\/#website","url":"https:\/\/redefinemeat.madebyomnis.com\/fr\/","name":"Redefine Meat","description":"GREAT MEAT WITHOUT COMPROMISE","potentialAction":[{"@type":"SearchAction","target":{"@type":"EntryPoint","urlTemplate":"https:\/\/redefinemeat.madebyomnis.com\/fr\/?s={search_term_string}"},"query-input":{"@type":"PropertyValueSpecification","valueRequired":true,"valueName":"search_term_string"}}],"inLanguage":"fr-FR"}]}},"_links":{"self":[{"href":"https:\/\/redefinemeat.madebyomnis.com\/fr\/wp-json\/wp\/v2\/pages\/2023","targetHints":{"allow":["GET"]}}],"collection":[{"href":"https:\/\/redefinemeat.madebyomnis.com\/fr\/wp-json\/wp\/v2\/pages"}],"about":[{"href":"https:\/\/redefinemeat.madebyomnis.com\/fr\/wp-json\/wp\/v2\/types\/page"}],"author":[{"embeddable":true,"href":"https:\/\/redefinemeat.madebyomnis.com\/fr\/wp-json\/wp\/v2\/users\/1"}],"replies":[{"embeddable":true,"href":"https:\/\/redefinemeat.madebyomnis.com\/fr\/wp-json\/wp\/v2\/comments?post=2023"}],"version-history":[{"count":0,"href":"https:\/\/redefinemeat.madebyomnis.com\/fr\/wp-json\/wp\/v2\/pages\/2023\/revisions"}],"wp:attachment":[{"href":"https:\/\/redefinemeat.madebyomnis.com\/fr\/wp-json\/wp\/v2\/media?parent=2023"}],"curies":[{"name":"wp","href":"https:\/\/api.w.org\/{rel}","templated":true}]}}