{"id":33,"date":"2021-06-15T07:11:39","date_gmt":"2021-06-15T07:11:39","guid":{"rendered":"http:\/\/meat.mipo.co.il\/?page_id=33"},"modified":"2025-02-25T09:31:21","modified_gmt":"2025-02-25T09:31:21","slug":"products","status":"publish","type":"page","link":"https:\/\/redefinemeat.madebyomnis.com\/de\/products\/","title":{"rendered":"Produkte"},"content":{"rendered":"","protected":false},"excerpt":{"rendered":"","protected":false},"author":1,"featured_media":0,"parent":0,"menu_order":0,"comment_status":"closed","ping_status":"closed","template":"templates\/products.php","meta":{"_acf_changed":false,"inline_featured_image":false,"footnotes":""},"class_list":["post-33","page","type-page","status-publish","hentry"],"acf":[],"yoast_head":"<!-- This site is optimized with the Yoast SEO plugin v24.5 - https:\/\/yoast.com\/wordpress\/plugins\/seo\/ -->\n<title>Fleischprodukte, pflanzlich, kompromisslos | Redefine Meat<\/title>\n<meta name=\"description\" content=\"Genie\u00dfe k\u00f6stliches New-Meat in allen Variationen, entwickelt in Zusammenarbeit mit den weltweit renommiertesten Metzgern und K\u00f6chen f\u00fcr erstklassigen Geschmack.\" \/>\n<meta name=\"robots\" content=\"noindex, follow, max-snippet:-1, max-image-preview:large, max-video-preview:-1\" \/>\n<meta property=\"og:locale\" content=\"de_DE\" \/>\n<meta property=\"og:type\" content=\"article\" \/>\n<meta property=\"og:title\" content=\"Fleischprodukte, pflanzlich, kompromisslos | Redefine Meat\" \/>\n<meta property=\"og:description\" content=\"Genie\u00dfe k\u00f6stliches New-Meat in allen Variationen, entwickelt in Zusammenarbeit mit den weltweit renommiertesten Metzgern und K\u00f6chen f\u00fcr erstklassigen Geschmack.\" \/>\n<meta property=\"og:url\" content=\"https:\/\/redefinemeat.madebyomnis.com\/de\/products\/\" \/>\n<meta property=\"og:site_name\" content=\"Redefine Meat\" \/>\n<meta property=\"article:modified_time\" content=\"2025-02-25T09:31:21+00:00\" \/>\n<meta name=\"twitter:card\" content=\"summary_large_image\" \/>\n<script type=\"application\/ld+json\" class=\"yoast-schema-graph\">{\"@context\":\"https:\/\/schema.org\",\"@graph\":[{\"@type\":\"WebPage\",\"@id\":\"https:\/\/redefinemeat.madebyomnis.com\/de\/products\/\",\"url\":\"https:\/\/redefinemeat.madebyomnis.com\/de\/products\/\",\"name\":\"Fleischprodukte, pflanzlich, kompromisslos | Redefine Meat\",\"isPartOf\":{\"@id\":\"https:\/\/redefinemeat.madebyomnis.com\/de\/#website\"},\"datePublished\":\"2021-06-15T07:11:39+00:00\",\"dateModified\":\"2025-02-25T09:31:21+00:00\",\"description\":\"Genie\u00dfe k\u00f6stliches New-Meat in allen Variationen, entwickelt in Zusammenarbeit mit den weltweit renommiertesten Metzgern und K\u00f6chen f\u00fcr erstklassigen Geschmack.\",\"breadcrumb\":{\"@id\":\"https:\/\/redefinemeat.madebyomnis.com\/de\/products\/#breadcrumb\"},\"inLanguage\":\"de\",\"potentialAction\":[{\"@type\":\"ReadAction\",\"target\":[\"https:\/\/redefinemeat.madebyomnis.com\/de\/products\/\"]}]},{\"@type\":\"BreadcrumbList\",\"@id\":\"https:\/\/redefinemeat.madebyomnis.com\/de\/products\/#breadcrumb\",\"itemListElement\":[{\"@type\":\"ListItem\",\"position\":1,\"name\":\"Home\",\"item\":\"https:\/\/redefinemeat.madebyomnis.com\/de\/\"},{\"@type\":\"ListItem\",\"position\":2,\"name\":\"Produkte\"}]},{\"@type\":\"WebSite\",\"@id\":\"https:\/\/redefinemeat.madebyomnis.com\/de\/#website\",\"url\":\"https:\/\/redefinemeat.madebyomnis.com\/de\/\",\"name\":\"Redefine Meat\",\"description\":\"GREAT MEAT WITHOUT COMPROMISE\",\"potentialAction\":[{\"@type\":\"SearchAction\",\"target\":{\"@type\":\"EntryPoint\",\"urlTemplate\":\"https:\/\/redefinemeat.madebyomnis.com\/de\/?s={search_term_string}\"},\"query-input\":{\"@type\":\"PropertyValueSpecification\",\"valueRequired\":true,\"valueName\":\"search_term_string\"}}],\"inLanguage\":\"de\"}]}<\/script>\n<!-- \/ Yoast SEO plugin. -->","yoast_head_json":{"title":"Fleischprodukte, pflanzlich, kompromisslos | Redefine Meat","description":"Genie\u00dfe k\u00f6stliches New-Meat in allen Variationen, entwickelt in Zusammenarbeit mit den weltweit renommiertesten Metzgern und K\u00f6chen f\u00fcr erstklassigen Geschmack.","robots":{"index":"noindex","follow":"follow","max-snippet":"max-snippet:-1","max-image-preview":"max-image-preview:large","max-video-preview":"max-video-preview:-1"},"og_locale":"de_DE","og_type":"article","og_title":"Fleischprodukte, pflanzlich, kompromisslos | Redefine Meat","og_description":"Genie\u00dfe k\u00f6stliches New-Meat in allen Variationen, entwickelt in Zusammenarbeit mit den weltweit renommiertesten Metzgern und K\u00f6chen f\u00fcr erstklassigen Geschmack.","og_url":"https:\/\/redefinemeat.madebyomnis.com\/de\/products\/","og_site_name":"Redefine Meat","article_modified_time":"2025-02-25T09:31:21+00:00","twitter_card":"summary_large_image","schema":{"@context":"https:\/\/schema.org","@graph":[{"@type":"WebPage","@id":"https:\/\/redefinemeat.madebyomnis.com\/de\/products\/","url":"https:\/\/redefinemeat.madebyomnis.com\/de\/products\/","name":"Fleischprodukte, pflanzlich, kompromisslos | Redefine Meat","isPartOf":{"@id":"https:\/\/redefinemeat.madebyomnis.com\/de\/#website"},"datePublished":"2021-06-15T07:11:39+00:00","dateModified":"2025-02-25T09:31:21+00:00","description":"Genie\u00dfe k\u00f6stliches New-Meat in allen Variationen, entwickelt in Zusammenarbeit mit den weltweit renommiertesten Metzgern und K\u00f6chen f\u00fcr erstklassigen Geschmack.","breadcrumb":{"@id":"https:\/\/redefinemeat.madebyomnis.com\/de\/products\/#breadcrumb"},"inLanguage":"de","potentialAction":[{"@type":"ReadAction","target":["https:\/\/redefinemeat.madebyomnis.com\/de\/products\/"]}]},{"@type":"BreadcrumbList","@id":"https:\/\/redefinemeat.madebyomnis.com\/de\/products\/#breadcrumb","itemListElement":[{"@type":"ListItem","position":1,"name":"Home","item":"https:\/\/redefinemeat.madebyomnis.com\/de\/"},{"@type":"ListItem","position":2,"name":"Produkte"}]},{"@type":"WebSite","@id":"https:\/\/redefinemeat.madebyomnis.com\/de\/#website","url":"https:\/\/redefinemeat.madebyomnis.com\/de\/","name":"Redefine Meat","description":"GREAT MEAT WITHOUT COMPROMISE","potentialAction":[{"@type":"SearchAction","target":{"@type":"EntryPoint","urlTemplate":"https:\/\/redefinemeat.madebyomnis.com\/de\/?s={search_term_string}"},"query-input":{"@type":"PropertyValueSpecification","valueRequired":true,"valueName":"search_term_string"}}],"inLanguage":"de"}]}},"_links":{"self":[{"href":"https:\/\/redefinemeat.madebyomnis.com\/de\/wp-json\/wp\/v2\/pages\/33","targetHints":{"allow":["GET"]}}],"collection":[{"href":"https:\/\/redefinemeat.madebyomnis.com\/de\/wp-json\/wp\/v2\/pages"}],"about":[{"href":"https:\/\/redefinemeat.madebyomnis.com\/de\/wp-json\/wp\/v2\/types\/page"}],"author":[{"embeddable":true,"href":"https:\/\/redefinemeat.madebyomnis.com\/de\/wp-json\/wp\/v2\/users\/1"}],"replies":[{"embeddable":true,"href":"https:\/\/redefinemeat.madebyomnis.com\/de\/wp-json\/wp\/v2\/comments?post=33"}],"version-history":[{"count":1,"href":"https:\/\/redefinemeat.madebyomnis.com\/de\/wp-json\/wp\/v2\/pages\/33\/revisions"}],"predecessor-version":[{"id":7604,"href":"https:\/\/redefinemeat.madebyomnis.com\/de\/wp-json\/wp\/v2\/pages\/33\/revisions\/7604"}],"wp:attachment":[{"href":"https:\/\/redefinemeat.madebyomnis.com\/de\/wp-json\/wp\/v2\/media?parent=33"}],"curies":[{"name":"wp","href":"https:\/\/api.w.org\/{rel}","templated":true}]}}