{"id":1088,"date":"2021-06-30T08:56:00","date_gmt":"2021-06-30T08:56:00","guid":{"rendered":"https:\/\/meat.mipo.co.il\/?page_id=1088"},"modified":"2021-06-30T08:56:00","modified_gmt":"2021-06-30T08:56:00","slug":"terms-conditions","status":"publish","type":"page","link":"https:\/\/redefinemeat.madebyomnis.com\/de\/terms-conditions\/","title":{"rendered":"AGB"},"content":{"rendered":"<p><strong><u>GESCH\u00c4FTSBEDINGUNGEN<\/u><\/strong><\/p>\n<p><em><u>(Zuletzt aktualisiert<\/u><\/em><em>:\u00a0\u00a030. Juni 2021)<\/em><\/p>\n<p>Diese Gesch\u00e4ftsbedingungen (\u201e<strong>Gesch\u00e4ftsbedingungen<\/strong>\u201c) stellen eine rechtsverbindliche und durchsetzbare Vereinbarung zwischen <strong>Redefine Meat Ltd<\/strong> (\u201e<strong>Redefinemeat\u201c, \u201ewir<\/strong>\u201c, \u201e<strong>unser<\/strong>\u201c oder \u201e<strong>uns<\/strong>\u201c) und Benutzern dar, die auf unsere Website zugreifen, sie durchsuchen oder anderweitig mit ihr interagieren (\u201e<strong>Benutzer<\/strong>\u201c, \u201e<strong>Sie<\/strong>\u201c oder \u201e<strong>Ihr<\/strong>\u201c), verf\u00fcgbar unter: <a href=\"https:\/\/www.redefinemeat.com\/de\">https:\/\/www.redefinemeat.com\/de<\/a> (\u201e<strong>Website<\/strong>\u201c). Es ist wichtig und empfehlenswert, dass Sie sich die Zeit nehmen, diese Gesch\u00e4ftsbedingungen durchzulesen.<\/p>\n<p><strong>ANNAHME DER GESCH\u00c4FTSBEDINGUNGEN:\u00a0<\/strong>DURCH DEN ZUGRIFF, DAS DURCHSUCHEN ODER EINE ANDERWEITIGE VERWENDUNG UNSERER WEBSITE ERKENNEN SIE AN, DASS SIE DIESE GESCH\u00c4FTSBEDINGUNGEN GELESEN, VERSTANDEN UND IHNEN ZUGESTIMMT HABEN.<\/p>\n<p>&nbsp;<\/p>\n<ol>\n<li><strong>Unsere Website und der darin bereitgestellt Inhalt<\/strong><\/li>\n<\/ol>\n<p>Unsere Website bietet umfassende Informationen und Ressourcen \u00fcber unseren Gesch\u00e4ftsbetrieb und unsere Produkte und jeden anderen Inhalt in Bezug darauf, einschlie\u00dflich u. a. Artikel, Blogs, Rezepte usw. Zudem bietet die Website Ihnen Kommunikationsmittel, die Sie nutzen k\u00f6nnen, um mit uns in Verbindung zu treten, zum Beispiel, wenn Sie eine Anfrage haben oder mit uns zusammenarbeiten, sich unserem Team anschlie\u00dfen oder unseren Newsletter abonnieren m\u00f6chten. Au\u00dferdem k\u00f6nnen wir Ihnen die M\u00f6glichkeit bieten, bestimmte Dateien mit Inhalten \u00fcber uns und unsere Produkte herunterzuladen, wobei unsere Website zusammen mit allen Bildern, Texten, Logos, Schaltfl\u00e4chensymbolen, Links, und anderen Eigenschaften als der \u201e<strong>Inhalt<\/strong>\u201c bezeichnet werden.\u00a0<\/p>\n<p>Der Inhalt kann au\u00dferdem Informationen oder Links zu den Websites und Ressourcen Dritter enthalten, die nicht von uns betrieben oder nicht in unserem Besitz sind (&#8222;<strong>Inhalt Dritter<\/strong>&#8222;). Durch Durchsicht, Nutzung oder einen anderweitigen Zugriff auf den Inhalt Dritter, unterwerfen Sie sich deren Dienstleistungsbedingungen und Richtlinien. Wir haben keine Kontrolle \u00fcber die Websites Dritter, auch nicht \u00fcber den darin angebotenen Inhalt, und wir sind weder dazu verpflichtet, noch \u00fcberwachen wir sie von uns aus.<\/p>\n<p><strong>BITTE BEACHTEN SIE, DASS DER INHALT NICHT ALS EINE FINANZIELLE, MEDIZINISCHE ODER ERN\u00c4HRUNGSBEZOGENE BERATUNG ANGESEHEN WIRD BZW. NICHT ALS EINE SOLCHE ANGESEHEN WERDEN DARF.<\/strong> Der Inhalt kann Finanzinformationen in Bezug auf Redefinemeat sowie ern\u00e4hrungsbezogene Informationen enthalten. Ein solcher Inhalt dient allein zu Informations- und Marketingzwecken. Auf keinen Fall d\u00fcrfen diese Informationen professionelle Beratung, medizinische oder ern\u00e4hrungsbezogene Beratung oder eine Finanz- oder Anlageberatung darstellen oder als solche aufgefasst werden.<\/p>\n<p>Hiermit schlie\u00dfen wir jegliche Verantwortung in Bezug auf ergriffene oder nicht ergriffene Handlungen oder Unterlassungen aufgrund jedweden bereitgestellten Inhalts aus. Beachten Sie au\u00dferdem, dass wir, wenn Sie sich daf\u00fcr entscheiden, Dateien von unserer Website herunterzuladen, keine Haftung f\u00fcr Verluste oder Sch\u00e4den \u00fcbernehmen, die durch einen Distributed-Denial-of-Service-Angriff, Viren oder anderes technologisch sch\u00e4dliches Material verursacht werden, die Ihr Ger\u00e4t infizieren k\u00f6nnen.\u00a0 Jede Nutzung unserer Website erfolgt auf Ihre eigene Verantwortung und Ihr eigenes Risiko.<\/p>\n<p>&nbsp;<\/p>\n<ol start=\"2\">\n<li><strong>Erkl\u00e4rungen und Garantien<\/strong><\/li>\n<\/ol>\n<p>Hiermit erkl\u00e4ren und garantieren Sie, dass Sie (i) berechtigt sind, diese Gesch\u00e4ftsbedingungen einzugehen, oder, falls zutreffend, Sie \u00fcber alle erforderlichen Genehmigungen verf\u00fcgen, diese Gesch\u00e4ftsbedingungen einzugehen; (ii) in Ihrer Gerichtsbarkeit nicht als ein \u201eKind\u201c oder mit einem \u00e4hnlichen Begriff definiert werden und insbesondere nicht unter 16 Jahre alt sind; (iii) alle geltenden Gesetze bez\u00fcglich der Nutzung unserer Website und des Inhalts einhalten werden; (iv) die Website und den Inhalt nicht auf eine ungesetzliche, illegale, betr\u00fcgerische oder unangemessene Weise nutzen d\u00fcrfen; (v) die sicherheitsrelevanten Funktionen der Website nicht umgehen, deaktivieren oder anderweitig beeintr\u00e4chtigen d\u00fcrfen; (vi) die Website, den Inhalt oder Teile davon nicht kopieren, vervielf\u00e4ltigen, erneut ver\u00f6ffentlichen, hochladen, posten (sofern dies nicht ausdr\u00fccklich von uns gestattet wurde), \u00fcbertragen oder anderweitig verbreiten und die Website oder den Inhalt samt Urheberrechtsvermerken, Warenzeichen oder anderen Eigentumsrechten nicht entfernen, verunstalten, unkenntlich machen oder ver\u00e4ndern d\u00fcrfen; (vii) alle Informationen, die Sie von unserer Website herunterladen, nur f\u00fcr Ihren pers\u00f6nlichen, nicht-kommerziellen Bedarf genutzt werden; (viii) die Website und den Inhalt nicht f\u00fcr Benchmarking-Zwecke verwenden d\u00fcrfen; (ix) keine Eigentumsrechte an den Inhalten geltend machen und keine Hinweise auf Eigentumsrechte oder Haftungsausschl\u00fcsse auf der Website und in den Inhalten entfernen, verdecken oder ver\u00e4ndern; (x) unseren Namen, unser Logo oder unsere Warenzeichen ohne unsere vorherige schriftliche Zustimmung nicht verwenden d\u00fcrfen; und (xi) die Website und den Inhalt nicht auf rechtswidrige Weise, unter Missachtung der Rechte Dritter oder unserer Rechte, einschlie\u00dflich der Rechte an geistigem Eigentum und der Datenschutzrechte, oder unter Verletzung der vorliegenden Gesch\u00e4ftsbedingungen nutzen d\u00fcrfen.<\/p>\n<p>&nbsp;<\/p>\n<ol start=\"3\">\n<li><strong>Geistiges Eigentum<\/strong><\/li>\n<\/ol>\n<p>Die Website und der Inhalt (ausschlie\u00dflich des Inhalts Dritter) sind Eigentum von Redefinemeat, einschlie\u00dflich, aber nicht darauf begrenzt, aller Handelsnamen, Warenzeichen usw. Sofern hierin nicht ausdr\u00fccklich erw\u00e4hnt werden Ihnen keine Lizenzen, Rechte, Titel oder Interessen am Inhalt lizenziert und wir behalten uns alle Rechte, Titel und Eigentumsrechte an der Website und am Inhalt vor. Sie d\u00fcrfen die Urheberrechte, Warenzeichen, Handelsnamen oder sonstiges geistiges Eigentum von Redefinemeat in keiner Weise nutzen, sofern dies nicht ausdr\u00fccklich in diesen Gesch\u00e4ftsbedingungen vereinbart wird.<\/p>\n<p>&nbsp;<\/p>\n<ol start=\"4\">\n<li><strong>Haftungsbeschr\u00e4nkung und Haftungsausschluss<\/strong><\/li>\n<\/ol>\n<p>SOFERN HIERIN NICHT ANDERSLAUTEND ANGEGEBEN, WIRD DIE WEBSITE UND DER INHALT AUF EINER \u201cISTZUSTANDS\u201d- UND \u201cVERF\u00dcGBARKEITS\u201d-GRUNDLAGE OHNE JEDWEDE GARANTIE BEREITGESTELLT. WIR \u00dcBERNEHMEN KEINERLEI VERWANTWORTUNG, WEDER AUSDR\u00dcCKLICH NOCH IMPLIZIT, UND MACHEN KEINE ZUSICHERUNGEN ODER GEW\u00c4HRLEISTUNGEN JEGLICHER ART IN BEZUG AUF DIE WEBSITE UND DEN INHALT, INKLUSIVE UND OHNE EINSCHR\u00c4NKUNG GARANTIEN BEZ\u00dcGLICH DER MARKTTAUGLICHKEIT ODER EIGNUNG F\u00dcR EINEN BESTIMMTEN ZWECK. WIR MACHEN KEINE ZUSICHERUNGEN ODER GEW\u00c4HRLEISTUNGEN, DASS DIE WEBSITE UND DER INHALT AN JEDEM STANDORT ODER ZU JEDER ZEIT ZUR NUTZUNG VERF\u00dcGBAR SEIN WERDEN, DASS DIE WEBSITE GESICHERT, UNTERBRECHUNGSFREI ODER FEHLERLOS, ODER FREI VON VIREN ODER ANDEREN SCH\u00c4DLICHEN KOMPONENTEN IST ODER DASS DER INHALT KORREKT ODER ZUVERL\u00c4SSIG IST. SIE STIMMEN ZU, DASS WIR F\u00dcR KEINE IM VERTRAUEN AUF DIE WEBSITE ODER DEN INHALT GETROFFENE ENTSCHEIDUNG ODER VORGENOMMENE HANDLUNG ODER DAF\u00dcR, DASS SIE DADURCH NICHT GETROFFEN ODER VORGENOMMEN WIRD, VERANTWORTLICH GEMACHT WERDEN, UND DASS WIR KEINE \u00a0VERANTWORTUNG F\u00dcR ETWAIGE SCH\u00c4DEN JEGLICHER ART \u00dcBERNEHMEN, EINSCHLIESSLICH, OHNE EINSCHR\u00c4NKUNG INDIREKTER SCH\u00c4DEN, FOLGESCH\u00c4DEN, BESONDERER SCH\u00c4DEN, SCH\u00c4DEN MIT STRAFWIRKUNG ODER BEIL\u00c4UFIGER SCH\u00c4DEN ODER SCH\u00c4DEN AUFGRUND VON ENTGANGENEN GEWINNEN, BETRIEBSUNTERBRECHUNG, VERLUST VON GESCH\u00c4FTSINFORMATIONEN ODER ANDERER VERM\u00d6GENSSCH\u00c4DEN AUFGRUND DER NUTZUNG DER WEBSITE UND DES INHALTS, SELBST DANN, WENN WIR \u00dcBER DIE M\u00d6GLICHKEIT SOLCHER SCH\u00c4DEN INFORMIERT WURDEN.<\/p>\n<p>&nbsp;<\/p>\n<ol start=\"5\">\n<li><strong>Entsch\u00e4digung<\/strong><\/li>\n<\/ol>\n<p>Sie stimmen zu, Redefinemeat und unsere betreffenden F\u00fchrungskr\u00e4fte, Direktoren, Mitarbeiter und Vertreter gegen alle Anspr\u00fcche, Schadensersatzforderungen, Verbindlichkeiten und Kosten Dritter zu verteidigen, zu entsch\u00e4digen und vor ihnen schadlos zu halten, (einschlie\u00dflich angemessener Anwaltskosten), die entstehen durch (i) Ihre Verwendung der Website und des Inhalts, die nicht diesen Gesch\u00e4ftsbedingungen entspricht, inklusive Fahrl\u00e4ssigkeit und vors\u00e4tzliches Handeln; (ii) den Missbrauch oder die Verletzung von Rechten Dritter durch die Website oder den Inhalt; und (iii) Ihren Versto\u00df gegen geltende Gesetze, Vorschriften und Bestimmungen. Die Verpflichtung zur Entsch\u00e4digung bleibt nach K\u00fcndigung und Ablauf dieser Gesch\u00e4ftsbedingungen bestehen.<\/p>\n<p>&nbsp;<\/p>\n<ol start=\"6\">\n<li><strong>Datenschutzbestimmungen<\/strong><\/li>\n<\/ol>\n<p>Ihre Datenschutzrechte sind f\u00fcr uns von gr\u00f6\u00dfter Bedeutung; daher garantieren wir, dass wir alle geltenden Datenschutzbestimmungen in Bezug auf die Handhabung und Verarbeitung der personenbezogenen Daten unserer Benutzer, alle in \u00dcbereinstimmung mit unserer <a href=\"https:\/\/www.redefinemeat.com\/de\/privacy-policy\/\">Datenschutzbestimmung<\/a>, die durch Bezugnahme hierin aufgenommen sind, einhalten werden.<\/p>\n<p>&nbsp;<\/p>\n<ol start=\"7\">\n<li><strong>K\u00fcndigung<\/strong><\/li>\n<\/ol>\n<p>Sie k\u00f6nnen diese Gesch\u00e4ftsbedingungen zu jeder Zeit k\u00fcndigen, indem Sie die Nutzung der Website einstellen, oder wir k\u00f6nnen diese Gesch\u00e4ftsbedingungen zu jeder Zeit mit oder ohne Grund mit sofortiger Wirkung k\u00fcndigen. Wir k\u00f6nnen zu jeder Zeit ohne Mitteilung an Sie und irgendeine damit verbundene Verpflichtung Ihnen gegen\u00fcber jeden Aspekt der Website oder des Inhalts \u00e4ndern, modifizieren, aussetzen oder einstellen, sowie Ihren Zugriff blockieren.<\/p>\n<p><strong>\u00a0<\/strong><\/p>\n<ol start=\"8\">\n<li><strong>Erg\u00e4nzungen<\/strong><\/li>\n<\/ol>\n<p>Wir behalten uns das Recht vor, diese Gesch\u00e4ftsbedingungen nach eigenem Ermessen regelm\u00e4\u00dfig zu \u00e4ndern oder zu revidieren, wobei derartige Ver\u00e4nderungen unverz\u00fcglich nach Anzeige der revidierten Gesch\u00e4ftsbedingungen in Kraft treten. Das letzte Revisionsdatum wird oben unter \u201eZuletzt aktualisiert\u201c angegeben. Die Fortsetzung Ihrer Nutzung der Website und des Inhalts nach derartigen Ver\u00e4nderungen stellt Ihre Anerkennung und Zustimmung zu diesen \u00c4nderungen an den Gesch\u00e4ftsbedingungen sowie Ihre Zustimmung dar, an diese gebunden zu sein. Im Falle von wesentlichen Ver\u00e4nderungen werden wir uns nach besten Kr\u00e4ften bem\u00fchen, sie nachtr\u00e4glich hier\u00fcber zu informieren.<\/p>\n<p><strong>\u00a0<\/strong><\/p>\n<ol start=\"9\">\n<li><strong>Sonstiges<\/strong><\/li>\n<\/ol>\n<p><strong>Gerichtsbarkeit<\/strong> \u2013 diese Gesch\u00e4ftsbedingungen unterstehen den Gesetzen des Staates Israel und sind gem\u00e4\u00df diesen auszulegen. Hiermit stimmen Sie zu, dass Sie jede Streitigkeit ausschlie\u00dflich beim zust\u00e4ndigen Gericht in Tel Aviv, Israel, beilegen werden.<\/p>\n<p><strong>\u00dcbertragung <\/strong>&#8211; diese Gesch\u00e4ftsbedingungen und darin gew\u00e4hrten Rechte d\u00fcrfen von Ihnen ohne unser vorheriges schriftliches Einverst\u00e4ndnis nicht \u00fcbertragen werden. Wir k\u00f6nnen unsere hierin enthaltenen Rechte und Verpflichtungen zu jeder Zeit nach eigenem Ermessen \u00fcbertragen.<\/p>\n<p><strong>Trennbarkeit <\/strong>\u2013 sollten eine oder mehrere Bestimmungen dieser Gesch\u00e4ftsbedingungen in irgendeiner Hinsicht als ung\u00fcltig, rechtswidrig oder nicht durchsetzbar befunden werden, so bleiben die G\u00fcltigkeit, Rechtsg\u00fcltigkeit und Durchsetzbarkeit der \u00fcbrigen Bestimmungen dieser Gesch\u00e4ftsbedingungen von dieser Feststellung unber\u00fchrt und in vollem Umfang in Kraft und wirksam, und die betreffende Bestimmung wird so ausgelegt, dass sie im gesetzlich zul\u00e4ssigen H\u00f6chstma\u00df durchsetzbar ist.<\/p>\n<p><strong>Verzicht <\/strong>&#8211; Unbeschadet des Vorstehenden kann eine Verz\u00f6gerung oder Unterlassung der Aus\u00fcbung eines Rechts durch eine der Parteien im Rahmen dieser Bedingungen nicht als Verzicht auf dieses Recht ausgelegt werden. Ein Verzicht der Erbringung der Leistungen dieser Gesch\u00e4ftsbedingungen durch eine der Parteien, darf nicht als Verzicht in Bezug auf eine sp\u00e4tere Erbringung oder Verletzung ausgelegt werden.<\/p>\n<p>&nbsp;<\/p>\n<ol start=\"10\">\n<li><strong>Kontakt<\/strong><\/li>\n<\/ol>\n<p>Sollten Sie Fragen zu diesen Gesch\u00e4ftsbedingungen haben, setzen Sie sich bitte mit uns in Verbindung \u00fcber:<\/p>\n<p><a href=\"mailto:%20termsandconditions@redefinemeat.com\">termsandconditions@redefinemeat.com<\/a><\/p>","protected":false},"excerpt":{"rendered":"<p>GESCH\u00c4FTSBEDINGUNGEN (Zuletzt aktualisiert:\u00a0\u00a030. Juni 2021) Diese Gesch\u00e4ftsbedingungen (\u201eGesch\u00e4ftsbedingungen\u201c) stellen eine rechtsverbindliche und durchsetzbare Vereinbarung zwischen Redefine Meat Ltd (\u201eRedefinemeat\u201c, \u201ewir\u201c, \u201eunser\u201c oder \u201euns\u201c) und Benutzern dar, die auf unsere Website zugreifen, sie durchsuchen oder anderweitig mit ihr interagieren (\u201eBenutzer\u201c, \u201eSie\u201c oder \u201eIhr\u201c),<\/p>\n<div class=\"view-full-post\"><a href=\"https:\/\/redefinemeat.madebyomnis.com\/de\/terms-conditions\/\" class=\"view-full-post-btn\">(\u05dc\u05d4\u05de\u05e9\u05da \u05e7\u05e8\u05d9\u05d0\u05d4&#8230;)<\/a><\/div>\n","protected":false},"author":1,"featured_media":0,"parent":0,"menu_order":0,"comment_status":"closed","ping_status":"open","template":"","meta":{"_acf_changed":false,"inline_featured_image":false,"footnotes":""},"class_list":["post-1088","page","type-page","status-publish","hentry"],"acf":[],"yoast_head":"<!-- This site is optimized with the Yoast SEO plugin v24.5 - https:\/\/yoast.com\/wordpress\/plugins\/seo\/ -->\n<title>Gesch\u00e4ftsbedingungen | Redefine Meat<\/title>\n<meta name=\"description\" content=\"Finden Sie heraus, was Sie auf der Redefine Meat-Website und mit den dort bereitgestellten Inhalten tun d\u00fcrfen und was nicht.\" \/>\n<meta name=\"robots\" content=\"noindex, follow, max-snippet:-1, max-image-preview:large, max-video-preview:-1\" \/>\n<meta property=\"og:locale\" content=\"de_DE\" \/>\n<meta property=\"og:type\" content=\"article\" \/>\n<meta property=\"og:title\" content=\"Gesch\u00e4ftsbedingungen | Redefine Meat\" \/>\n<meta property=\"og:description\" content=\"Finden Sie heraus, was Sie auf der Redefine Meat-Website und mit den dort bereitgestellten Inhalten tun d\u00fcrfen und was nicht.\" \/>\n<meta property=\"og:url\" content=\"https:\/\/redefinemeat.madebyomnis.com\/de\/terms-conditions\/\" \/>\n<meta property=\"og:site_name\" content=\"Redefine Meat\" \/>\n<meta name=\"twitter:card\" content=\"summary_large_image\" \/>\n<meta name=\"twitter:label1\" content=\"Gesch\u00e4tzte Lesezeit\" \/>\n\t<meta name=\"twitter:data1\" content=\"7\u00a0Minuten\" \/>\n<script type=\"application\/ld+json\" class=\"yoast-schema-graph\">{\"@context\":\"https:\/\/schema.org\",\"@graph\":[{\"@type\":\"WebPage\",\"@id\":\"https:\/\/redefinemeat.madebyomnis.com\/de\/terms-conditions\/\",\"url\":\"https:\/\/redefinemeat.madebyomnis.com\/de\/terms-conditions\/\",\"name\":\"Gesch\u00e4ftsbedingungen | Redefine Meat\",\"isPartOf\":{\"@id\":\"https:\/\/redefinemeat.madebyomnis.com\/de\/#website\"},\"datePublished\":\"2021-06-30T08:56:00+00:00\",\"description\":\"Finden Sie heraus, was Sie auf der Redefine Meat-Website und mit den dort bereitgestellten Inhalten tun d\u00fcrfen und was nicht.\",\"breadcrumb\":{\"@id\":\"https:\/\/redefinemeat.madebyomnis.com\/de\/terms-conditions\/#breadcrumb\"},\"inLanguage\":\"de\",\"potentialAction\":[{\"@type\":\"ReadAction\",\"target\":[\"https:\/\/redefinemeat.madebyomnis.com\/de\/terms-conditions\/\"]}]},{\"@type\":\"BreadcrumbList\",\"@id\":\"https:\/\/redefinemeat.madebyomnis.com\/de\/terms-conditions\/#breadcrumb\",\"itemListElement\":[{\"@type\":\"ListItem\",\"position\":1,\"name\":\"Home\",\"item\":\"https:\/\/redefinemeat.madebyomnis.com\/de\/\"},{\"@type\":\"ListItem\",\"position\":2,\"name\":\"AGB\"}]},{\"@type\":\"WebSite\",\"@id\":\"https:\/\/redefinemeat.madebyomnis.com\/de\/#website\",\"url\":\"https:\/\/redefinemeat.madebyomnis.com\/de\/\",\"name\":\"Redefine Meat\",\"description\":\"GREAT MEAT WITHOUT COMPROMISE\",\"potentialAction\":[{\"@type\":\"SearchAction\",\"target\":{\"@type\":\"EntryPoint\",\"urlTemplate\":\"https:\/\/redefinemeat.madebyomnis.com\/de\/?s={search_term_string}\"},\"query-input\":{\"@type\":\"PropertyValueSpecification\",\"valueRequired\":true,\"valueName\":\"search_term_string\"}}],\"inLanguage\":\"de\"}]}<\/script>\n<!-- \/ Yoast SEO plugin. -->","yoast_head_json":{"title":"Gesch\u00e4ftsbedingungen | Redefine Meat","description":"Finden Sie heraus, was Sie auf der Redefine Meat-Website und mit den dort bereitgestellten Inhalten tun d\u00fcrfen und was nicht.","robots":{"index":"noindex","follow":"follow","max-snippet":"max-snippet:-1","max-image-preview":"max-image-preview:large","max-video-preview":"max-video-preview:-1"},"og_locale":"de_DE","og_type":"article","og_title":"Gesch\u00e4ftsbedingungen | Redefine Meat","og_description":"Finden Sie heraus, was Sie auf der Redefine Meat-Website und mit den dort bereitgestellten Inhalten tun d\u00fcrfen und was nicht.","og_url":"https:\/\/redefinemeat.madebyomnis.com\/de\/terms-conditions\/","og_site_name":"Redefine Meat","twitter_card":"summary_large_image","twitter_misc":{"Gesch\u00e4tzte Lesezeit":"7\u00a0Minuten"},"schema":{"@context":"https:\/\/schema.org","@graph":[{"@type":"WebPage","@id":"https:\/\/redefinemeat.madebyomnis.com\/de\/terms-conditions\/","url":"https:\/\/redefinemeat.madebyomnis.com\/de\/terms-conditions\/","name":"Gesch\u00e4ftsbedingungen | Redefine Meat","isPartOf":{"@id":"https:\/\/redefinemeat.madebyomnis.com\/de\/#website"},"datePublished":"2021-06-30T08:56:00+00:00","description":"Finden Sie heraus, was Sie auf der Redefine Meat-Website und mit den dort bereitgestellten Inhalten tun d\u00fcrfen und was nicht.","breadcrumb":{"@id":"https:\/\/redefinemeat.madebyomnis.com\/de\/terms-conditions\/#breadcrumb"},"inLanguage":"de","potentialAction":[{"@type":"ReadAction","target":["https:\/\/redefinemeat.madebyomnis.com\/de\/terms-conditions\/"]}]},{"@type":"BreadcrumbList","@id":"https:\/\/redefinemeat.madebyomnis.com\/de\/terms-conditions\/#breadcrumb","itemListElement":[{"@type":"ListItem","position":1,"name":"Home","item":"https:\/\/redefinemeat.madebyomnis.com\/de\/"},{"@type":"ListItem","position":2,"name":"AGB"}]},{"@type":"WebSite","@id":"https:\/\/redefinemeat.madebyomnis.com\/de\/#website","url":"https:\/\/redefinemeat.madebyomnis.com\/de\/","name":"Redefine Meat","description":"GREAT MEAT WITHOUT COMPROMISE","potentialAction":[{"@type":"SearchAction","target":{"@type":"EntryPoint","urlTemplate":"https:\/\/redefinemeat.madebyomnis.com\/de\/?s={search_term_string}"},"query-input":{"@type":"PropertyValueSpecification","valueRequired":true,"valueName":"search_term_string"}}],"inLanguage":"de"}]}},"_links":{"self":[{"href":"https:\/\/redefinemeat.madebyomnis.com\/de\/wp-json\/wp\/v2\/pages\/1088","targetHints":{"allow":["GET"]}}],"collection":[{"href":"https:\/\/redefinemeat.madebyomnis.com\/de\/wp-json\/wp\/v2\/pages"}],"about":[{"href":"https:\/\/redefinemeat.madebyomnis.com\/de\/wp-json\/wp\/v2\/types\/page"}],"author":[{"embeddable":true,"href":"https:\/\/redefinemeat.madebyomnis.com\/de\/wp-json\/wp\/v2\/users\/1"}],"replies":[{"embeddable":true,"href":"https:\/\/redefinemeat.madebyomnis.com\/de\/wp-json\/wp\/v2\/comments?post=1088"}],"version-history":[{"count":0,"href":"https:\/\/redefinemeat.madebyomnis.com\/de\/wp-json\/wp\/v2\/pages\/1088\/revisions"}],"wp:attachment":[{"href":"https:\/\/redefinemeat.madebyomnis.com\/de\/wp-json\/wp\/v2\/media?parent=1088"}],"curies":[{"name":"wp","href":"https:\/\/api.w.org\/{rel}","templated":true}]}}